{"id":232,"date":"2014-12-16T08:25:00","date_gmt":"2014-12-16T08:25:00","guid":{"rendered":"http:\/\/mondomaine.alsace\/?page_id=232"},"modified":"2025-07-16T09:59:47","modified_gmt":"2025-07-16T09:59:47","slug":"mentions-legales","status":"publish","type":"page","link":"https:\/\/www.mondomaine.alsace\/en\/mentions-legales\/","title":{"rendered":"Mentions l\u00e9gales"},"content":{"rendered":"<h4>EDITEUR DU SITE<\/h4>\n<p>Direction de la publication : Benjamin LOUIS, Pr\u00e9sident<br \/><strong>SPARKLING sasu<\/strong><br \/>33 rue Louis Apffel, 67000 Strasbourg \u2013 France<br \/>T\u00e9l.+33 6 12 45 66 48<\/p>\n<p>SIRET : 88362705100013<strong> &#8211; <\/strong>TVA intracommunautaire :\u00a0FR 78\u00a0883\u00a0627\u00a0051<\/p>\n<h4>CR\u00c9ATION ET H\u00c9BERGEMENT DU SITE INTERNET<\/h4>\n<p><strong>R\u00e9alisation du site internet<\/strong><br \/><a title=\"Agence d'ind\u00e9pendants \u00e0 Strasbourg\" href=\"http:\/\/www.vuxe.fr\" target=\"_blank\" rel=\"noopener noreferrer\">Vuxe<\/a><br \/>25, quai Zorn,\u00a067000 STRASBOURG<\/p>\n<p><strong>H\u00e9bergement du site internet<\/strong><br \/><a href=\"http:\/\/www.asterium.fr\" target=\"_blank\" rel=\"noopener noreferrer\">Asterium<\/a><br \/>30 rue Fran\u00e7ois Spoerry, 68100 MULHOUSE<\/p>\n<h4>CONTENU TEXTUEL ET MULTIM\u00c9DIA<\/h4>\n<p>Conform\u00e9ment aux lois r\u00e9gissant les droits d\u2019auteurs, les \u00e9l\u00e9ments du site mondomaine.alsace sont la propri\u00e9t\u00e9 exclusive de SPARKLING. En cons\u00e9quence l\u2019utilisation, la reproduction, la diffusion, ou la repr\u00e9sentation du contenu du site mondomaine.alsace, \u00e0 l\u2019exception des flux RSS et r\u00e9seaux sociaux, est strictement interdite sans autorisation \u00e9crite de SPARKLING.<\/p>\n<h4>CR\u00c9DIT PHOTOS<\/h4>\n<p>Les photos illustrant ce site Internet ne peuvent pas \u00eatre reproduites sans l\u2019accord \u00e9crit de SPARKLING. Toute image utilis\u00e9e sans le consentement de l\u2019auteur pourra donc faire l\u2019objet de poursuite.<\/p>\n<p>Si la mention d\u2019un copyright est erron\u00e9e ou manquante, nous vous invitons \u00e0 nous contacter afin d\u2019apporter les modifications.<\/p>\n\n\n<figure><\/figure>\n","protected":false},"excerpt":{"rendered":"<p>EDITEUR DU SITE Direction de la publication : Benjamin LOUIS, Pr\u00e9sidentSPARKLING sasu33 rue Louis Apffel, 67000 Strasbourg \u2013 FranceT\u00e9l.+33 6 12 45 66 48 SIRET : 88362705100013 &#8211; TVA intracommunautaire :\u00a0FR 78\u00a0883\u00a0627\u00a0051 CR\u00c9ATION ET H\u00c9BERGEMENT DU SITE INTERNET R\u00e9alisation du site internetVuxe25, quai Zorn,\u00a067000 STRASBOURG H\u00e9bergement du site internetAsterium30 rue Fran\u00e7ois Spoerry, 68100 MULHOUSE CONTENU [&hellip;]<\/p>\n","protected":false},"author":3,"featured_media":0,"parent":0,"menu_order":0,"comment_status":"closed","ping_status":"closed","template":"","meta":{"_acf_changed":false,"footnotes":""},"class_list":["post-232","page","type-page","status-publish","hentry"],"acf":[],"_links":{"self":[{"href":"https:\/\/www.mondomaine.alsace\/en\/wp-json\/wp\/v2\/pages\/232","targetHints":{"allow":["GET"]}}],"collection":[{"href":"https:\/\/www.mondomaine.alsace\/en\/wp-json\/wp\/v2\/pages"}],"about":[{"href":"https:\/\/www.mondomaine.alsace\/en\/wp-json\/wp\/v2\/types\/page"}],"author":[{"embeddable":true,"href":"https:\/\/www.mondomaine.alsace\/en\/wp-json\/wp\/v2\/users\/3"}],"replies":[{"embeddable":true,"href":"https:\/\/www.mondomaine.alsace\/en\/wp-json\/wp\/v2\/comments?post=232"}],"version-history":[{"count":11,"href":"https:\/\/www.mondomaine.alsace\/en\/wp-json\/wp\/v2\/pages\/232\/revisions"}],"predecessor-version":[{"id":1658,"href":"https:\/\/www.mondomaine.alsace\/en\/wp-json\/wp\/v2\/pages\/232\/revisions\/1658"}],"wp:attachment":[{"href":"https:\/\/www.mondomaine.alsace\/en\/wp-json\/wp\/v2\/media?parent=232"}],"curies":[{"name":"wp","href":"https:\/\/api.w.org\/{rel}","templated":true}]}}